{"id":1998,"date":"2025-05-06T13:33:23","date_gmt":"2025-05-06T12:33:23","guid":{"rendered":"https:\/\/magiecreations.com\/?page_id=1998"},"modified":"2025-05-13T13:38:44","modified_gmt":"2025-05-13T12:38:44","slug":"met-brouwgraan-waarde-creeren-beko-groothandel-en-magie-creations-laten-zien-hoe","status":"publish","type":"page","link":"https:\/\/magiecreations.com\/nl\/inspiratie\/met-brouwgraan-waarde-creeren-beko-groothandel-en-magie-creations-laten-zien-hoe\/","title":{"rendered":"Met brouwgraan waarde cre\u00ebren Beko Groothandel en MaGie Creations laten zien hoe"},"content":{"rendered":"<section class=\"l-section wpb_row us_custom_aa2740a8 height_auto with_img\"><div class=\"l-section-img\" role=\"img\" aria-label=\"Afbeelding\" data-img-width=\"1799\" data-img-height=\"1200\" style=\"background-image: url(https:\/\/magiecreations.com\/wp-content\/uploads\/2025\/05\/MagieCreations-sfeer-LR-2-1.jpg);background-position: center left;background-repeat: no-repeat;background-size: contain;\"><\/div><div class=\"l-section-h i-cf\"><div class=\"g-cols vc_row via_flex valign_top type_default stacking_default\"><div class=\"vc_col-sm-3 wpb_column vc_column_container has_text_color\"><div class=\"vc_column-inner us_custom_0f088a09\"><div class=\"wpb_wrapper\"><div class=\"w-separator size_huge\"><\/div><div class=\"w-separator size_huge\"><\/div><div class=\"w-separator size_huge\"><\/div><div class=\"w-separator size_huge\"><\/div><\/div><\/div><\/div><div class=\"vc_col-sm-9 wpb_column vc_column_container has_bg_color\"><div class=\"vc_column-inner us_custom_b5d80fb0\"><div class=\"wpb_wrapper\"><div class=\"w-separator size_medium\"><\/div><h2 class=\"w-text us_custom_3104cfac has_text_color\"><span class=\"w-text-h\"><span class=\"w-text-value\">Met brouwgraan waarde cre\u00ebren Beko Groothandel en MaGie Creations laten zien hoe<\/span><\/span><\/h2><div class=\"wpb_text_column us_custom_a6ceb248\"><div class=\"wpb_wrapper\"><p><strong>Na verschillende succesvolle (kleinschalige) marktintroducties van producten met brouwgraan door ambachtelijke bakkers zoals Bakkerij Schuld, maken Beko Groothandel en MaGie Creations brouwgraan nu toegankelijk voor het bredere publiek. In mei 2025 voegt Beko Groothandel dit innovatieve ingredi\u00ebnt op basis van hoogwaardige ruwe materialen toe aan haar assortiment. Brouwgraan is rendabel inzetbaar terwijl het bakkers in staat stelt ambachtelijk en duurzaam te ondernemen.<\/strong><\/p>\n<\/div><\/div><\/div><\/div><\/div><\/div><\/div><\/section><section class=\"l-section wpb_row us_custom_edb4fe0c height_medium\"><div class=\"l-section-h i-cf\"><div class=\"g-cols vc_row via_flex valign_top type_default stacking_default\"><div class=\"vc_col-sm-2 wpb_column vc_column_container\"><div class=\"vc_column-inner\"><div class=\"wpb_wrapper\"><\/div><\/div><\/div><div class=\"vc_col-sm-8 wpb_column vc_column_container\"><div class=\"vc_column-inner\"><div class=\"wpb_wrapper\"><\/div><\/div><\/div><div class=\"vc_col-sm-2 wpb_column vc_column_container\"><div class=\"vc_column-inner\"><div class=\"wpb_wrapper\"><\/div><\/div><\/div><\/div><\/div><\/section><section class=\"l-section wpb_row us_custom_0de0b760 height_auto color_alternate\"><div class=\"l-section-h i-cf\"><div class=\"g-cols vc_row via_flex valign_top type_default stacking_default\"><div class=\"vc_col-sm-3 wpb_column vc_column_container groen has_text_color stretched\"><div class=\"vc_column-inner us_custom_77b89265\"><div class=\"wpb_wrapper\"><div class=\"w-image align_none\"><div class=\"w-image-h\"><img decoding=\"async\" width=\"626\" height=\"626\" src=\"https:\/\/magiecreations.com\/wp-content\/uploads\/2025\/05\/MagieCreations_Add-Ons-59-1.png\" class=\"attachment-large size-large\" alt=\"\" loading=\"lazy\" srcset=\"https:\/\/magiecreations.com\/wp-content\/uploads\/2025\/05\/MagieCreations_Add-Ons-59-1.png 626w, https:\/\/magiecreations.com\/wp-content\/uploads\/2025\/05\/MagieCreations_Add-Ons-59-1-300x300.png 300w, https:\/\/magiecreations.com\/wp-content\/uploads\/2025\/05\/MagieCreations_Add-Ons-59-1-150x150.png 150w, https:\/\/magiecreations.com\/wp-content\/uploads\/2025\/05\/MagieCreations_Add-Ons-59-1-400x400.png 400w\" sizes=\"auto, (max-width: 626px) 100vw, 626px\" \/><\/div><\/div><\/div><\/div><\/div><div class=\"vc_col-sm-9 wpb_column vc_column_container\"><div class=\"vc_column-inner\"><div class=\"wpb_wrapper\"><div class=\"wpb_text_column us_custom_e19d6cbc has_text_color\"><div class=\"wpb_wrapper\"><p>De bakkerijsector werkt hard aan het bouwen van een sterke en duurzame toekomst. Het omarmen van duurzame proposities kan daarbij uitdagend zijn, zeker wanneer het op gespannen voet staat met de rendabiliteit van producten.<\/p>\n<p>Met brouwgraan van MaGie Creations biedt Beko Groothandel een unieke broodverbeteraar bestaande uit tarwe en gerst aan. Dit helpt bakkers om unieke producten aan te bieden. Brood, waaraan brouwgraan is toegevoegd, heeft een unieke, verdiepende smaak \u00e9n bevat minder koolhydraten, maar wel meer vezel en eiwit. MaGie Creations heeft de technische kennis in huis om brouwgraan, ook economisch, op een aantrekkelijke manier in te zetten. Dit gaf Beko Groothandel de doorslag om brouwgraan in het assortiment op te nemen.<\/p>\n<p>MaGie Creations is expert in de verwerking van brouwgraan tot functionele ingredi\u00ebnten. Ingredi\u00ebnten met een lage ecologische voetafdruk die geschikt zijn voor verwerking in producten als brood \u00e9n banket. Denk hierbij aan koek, cake en ook boterdeeg.<\/p>\n<p>Madeleine Gielens, eigenaar van MaGie Creations, ziet de samenwerking met Beko Groothandel als volgende strategische stap in de ontsluiting van de markt voor brouwgraan: \u201cBrouwgraan verrast, biedt kansen waar je ze niet verwacht. Onze productontwikkelaars staan te popelen om hun kennis van PowerFlour, ons eerste ingredi\u00ebnt op basis van brouwgraan, samen met Beko Groothandel breder met de bakkerijsector te delen.\u201d<\/p>\n<p>Brouwgraan is voor iedereen eenvoudig toepasbaar, zodra je weet wat je in handen hebt. Omdat brouwgraan een afwijkende compositie heeft, de suikers en zetmelen van de oorspronkelijke granen zijn achtergebleven bij de bierbrouwer, gedraagt het zich namelijk anders in recepturen dan traditionele ingredi\u00ebnten. Om deze reden bieden Beko Groothandel en MaGie Creations bakkers die PowerFlour willen verwerken in hun producten technische ondersteuning. Met dit praktische advies kan iedere bakker lekkere, gezondere en duurzamere producten toevoegen aan het productportfolio.<\/p>\n<\/div><\/div><div class=\"w-separator size_huge\"><\/div><\/div><\/div><\/div><\/div><\/div><\/section><section class=\"l-section wpb_row us_custom_ac07f723 has_text_color height_medium color_alternate\"><div class=\"l-section-h i-cf\"><div class=\"g-cols vc_row via_flex valign_top type_default stacking_default\"><div class=\"vc_col-sm-3 wpb_column vc_column_container groen has_text_color stretched\"><div class=\"vc_column-inner us_custom_9620ee08\"><div class=\"wpb_wrapper\"><\/div><\/div><\/div><div class=\"vc_col-sm-6 wpb_column vc_column_container\"><div class=\"vc_column-inner\"><div class=\"wpb_wrapper\"><h2 class=\"w-text us_custom_c51b64ad has_text_color\"><span class=\"w-text-h\"><span class=\"w-text-value\">Voor meer informatie:<\/span><\/span><\/h2><div class=\"wpb_text_column us_custom_535d3e33 has_text_color\"><div class=\"wpb_wrapper\"><p><strong>Madeleine Gielens<\/strong> &#8211; MaGie Creations<br \/>\n06 53654238 \u2013 <a href=\"mailto:madeleine@magiecreations.com\">madeleine@magiecreations.com<\/a><br \/>\n<a href=\"http:\/\/www.magiecreations.com\/\">www.magiecreations.com<\/a><\/p>\n<\/div><\/div><\/div><\/div><\/div><div class=\"vc_col-sm-3 wpb_column vc_column_container\"><div class=\"vc_column-inner\"><div class=\"wpb_wrapper\"><\/div><\/div><\/div><\/div><\/div><\/section><section class=\"l-section wpb_row us_custom_1a3834ef height_auto\"><div class=\"l-section-h i-cf\"><div class=\"g-cols vc_row via_flex valign_top type_default stacking_default\"><div class=\"vc_col-sm-3 wpb_column vc_column_container\"><div class=\"vc_column-inner\"><div class=\"wpb_wrapper\"><\/div><\/div><\/div><div class=\"vc_col-sm-6 wpb_column vc_column_container has_text_color\"><div class=\"vc_column-inner us_custom_0f088a09\"><div class=\"wpb_wrapper\"><div class=\"w-separator size_huge\"><\/div><div class=\"wpb_text_column us_custom_428efc7a has_text_color\"><div class=\"wpb_wrapper\"><h2><span data-olk-copy-source=\"MessageBody\"><strong>Zelf uitproberen?<\/strong><\/span><\/h2>\n<\/div><\/div><div class=\"w-separator size_small\"><\/div><div class=\"w-btn-wrapper align_left\"><a class=\"w-btn us-btn-style_4 icon_atright\" title=\"Circulair brouwgraan\" href=\"https:\/\/magiecreations.com\/landing-page\/\"><span class=\"w-btn-label\">Vraag nu je proefmonster aan<\/span><i class=\"fas fa-caret-right\"><\/i><\/a><\/div><div class=\"w-separator size_huge\"><\/div><\/div><\/div><\/div><div class=\"vc_col-sm-3 wpb_column vc_column_container\"><div class=\"vc_column-inner\"><div class=\"wpb_wrapper\"><div class=\"w-separator size_huge\"><\/div><div class=\"w-separator size_huge\"><\/div><\/div><\/div><\/div><\/div><\/div><\/section>\n","protected":false},"excerpt":{"rendered":"Met brouwgraan waarde cre\u00ebren Beko Groothandel en MaGie Creations laten zien hoeNa verschillende succesvolle (kleinschalige) marktintroducties van producten met brouwgraan door ambachtelijke bakkers zoals Bakkerij Schuld, maken Beko Groothandel en MaGie Creations brouwgraan nu toegankelijk voor het bredere publiek. In mei 2025 voegt Beko Groothandel dit innovatieve ingredi\u00ebnt op basis van hoogwaardige ruwe materialen toe...","protected":false},"author":1,"featured_media":1956,"parent":1693,"menu_order":0,"comment_status":"closed","ping_status":"closed","template":"","meta":{"_acf_changed":false,"footnotes":""},"class_list":["post-1998","page","type-page","status-publish","has-post-thumbnail","hentry"],"acf":[],"yoast_head":"<!-- This site is optimized with the Yoast SEO plugin v27.2 - https:\/\/yoast.com\/product\/yoast-seo-wordpress\/ -->\n<title>Met brouwgraan waarde cre\u00ebren Beko Groothandel en MaGie Creations laten zien hoe - MaGie Creations<\/title>\n<meta name=\"robots\" content=\"index, follow, max-snippet:-1, max-image-preview:large, max-video-preview:-1\" \/>\n<link rel=\"canonical\" href=\"https:\/\/magiecreations.com\/nl\/inspiratie\/met-brouwgraan-waarde-creeren-beko-groothandel-en-magie-creations-laten-zien-hoe\/\" \/>\n<meta property=\"og:locale\" content=\"nl_NL\" \/>\n<meta property=\"og:type\" content=\"article\" \/>\n<meta property=\"og:title\" content=\"Met brouwgraan waarde cre\u00ebren Beko Groothandel en MaGie Creations laten zien hoe - MaGie Creations\" \/>\n<meta property=\"og:url\" content=\"https:\/\/magiecreations.com\/nl\/inspiratie\/met-brouwgraan-waarde-creeren-beko-groothandel-en-magie-creations-laten-zien-hoe\/\" \/>\n<meta property=\"og:site_name\" content=\"MaGie Creations\" \/>\n<meta property=\"article:modified_time\" content=\"2025-05-13T12:38:44+00:00\" \/>\n<meta property=\"og:image\" content=\"https:\/\/magiecreations.com\/wp-content\/uploads\/2025\/05\/MagieCreations-sfeer-LR-2-1.jpg\" \/>\n\t<meta property=\"og:image:width\" content=\"1799\" \/>\n\t<meta property=\"og:image:height\" content=\"1200\" \/>\n\t<meta property=\"og:image:type\" content=\"image\/jpeg\" \/>\n<meta name=\"twitter:card\" content=\"summary_large_image\" \/>\n<meta name=\"twitter:label1\" content=\"Geschatte leestijd\" \/>\n\t<meta name=\"twitter:data1\" content=\"2 minuten\" \/>\n<script type=\"application\/ld+json\" class=\"yoast-schema-graph\">{\"@context\":\"https:\/\/schema.org\",\"@graph\":[{\"@type\":\"WebPage\",\"@id\":\"https:\/\/magiecreations.com\/nl\/inspiratie\/met-brouwgraan-waarde-creeren-beko-groothandel-en-magie-creations-laten-zien-hoe\/\",\"url\":\"https:\/\/magiecreations.com\/nl\/inspiratie\/met-brouwgraan-waarde-creeren-beko-groothandel-en-magie-creations-laten-zien-hoe\/\",\"name\":\"Met brouwgraan waarde cre\u00ebren Beko Groothandel en MaGie Creations laten zien hoe - MaGie Creations\",\"isPartOf\":{\"@id\":\"https:\/\/magiecreations.com\/nl\/#website\"},\"primaryImageOfPage\":{\"@id\":\"https:\/\/magiecreations.com\/nl\/inspiratie\/met-brouwgraan-waarde-creeren-beko-groothandel-en-magie-creations-laten-zien-hoe\/#primaryimage\"},\"image\":{\"@id\":\"https:\/\/magiecreations.com\/nl\/inspiratie\/met-brouwgraan-waarde-creeren-beko-groothandel-en-magie-creations-laten-zien-hoe\/#primaryimage\"},\"thumbnailUrl\":\"https:\/\/magiecreations.com\/wp-content\/uploads\/2025\/05\/MagieCreations-sfeer-LR-2-1.jpg\",\"datePublished\":\"2025-05-06T12:33:23+00:00\",\"dateModified\":\"2025-05-13T12:38:44+00:00\",\"breadcrumb\":{\"@id\":\"https:\/\/magiecreations.com\/nl\/inspiratie\/met-brouwgraan-waarde-creeren-beko-groothandel-en-magie-creations-laten-zien-hoe\/#breadcrumb\"},\"inLanguage\":\"nl-NL\",\"potentialAction\":[{\"@type\":\"ReadAction\",\"target\":[\"https:\/\/magiecreations.com\/nl\/inspiratie\/met-brouwgraan-waarde-creeren-beko-groothandel-en-magie-creations-laten-zien-hoe\/\"]}]},{\"@type\":\"ImageObject\",\"inLanguage\":\"nl-NL\",\"@id\":\"https:\/\/magiecreations.com\/nl\/inspiratie\/met-brouwgraan-waarde-creeren-beko-groothandel-en-magie-creations-laten-zien-hoe\/#primaryimage\",\"url\":\"https:\/\/magiecreations.com\/wp-content\/uploads\/2025\/05\/MagieCreations-sfeer-LR-2-1.jpg\",\"contentUrl\":\"https:\/\/magiecreations.com\/wp-content\/uploads\/2025\/05\/MagieCreations-sfeer-LR-2-1.jpg\",\"width\":1799,\"height\":1200},{\"@type\":\"BreadcrumbList\",\"@id\":\"https:\/\/magiecreations.com\/nl\/inspiratie\/met-brouwgraan-waarde-creeren-beko-groothandel-en-magie-creations-laten-zien-hoe\/#breadcrumb\",\"itemListElement\":[{\"@type\":\"ListItem\",\"position\":1,\"name\":\"Home\",\"item\":\"https:\/\/magiecreations.com\/nl\/magie-creations\/\"},{\"@type\":\"ListItem\",\"position\":2,\"name\":\"Inspiratie\",\"item\":\"https:\/\/magiecreations.com\/nl\/inspiratie\/\"},{\"@type\":\"ListItem\",\"position\":3,\"name\":\"Met brouwgraan waarde cre\u00ebren Beko Groothandel en MaGie Creations laten zien hoe\"}]},{\"@type\":\"WebSite\",\"@id\":\"https:\/\/magiecreations.com\/nl\/#website\",\"url\":\"https:\/\/magiecreations.com\/nl\/\",\"name\":\"MaGie Creations\",\"description\":\"\",\"publisher\":{\"@id\":\"https:\/\/magiecreations.com\/nl\/#organization\"},\"potentialAction\":[{\"@type\":\"SearchAction\",\"target\":{\"@type\":\"EntryPoint\",\"urlTemplate\":\"https:\/\/magiecreations.com\/nl\/?s={search_term_string}\"},\"query-input\":{\"@type\":\"PropertyValueSpecification\",\"valueRequired\":true,\"valueName\":\"search_term_string\"}}],\"inLanguage\":\"nl-NL\"},{\"@type\":\"Organization\",\"@id\":\"https:\/\/magiecreations.com\/nl\/#organization\",\"name\":\"MaGie Creations\",\"url\":\"https:\/\/magiecreations.com\/nl\/\",\"logo\":{\"@type\":\"ImageObject\",\"inLanguage\":\"nl-NL\",\"@id\":\"https:\/\/magiecreations.com\/nl\/#\/schema\/logo\/image\/\",\"url\":\"https:\/\/magiecreations.com\/wp-content\/uploads\/2023\/01\/Logo_Home.png\",\"contentUrl\":\"https:\/\/magiecreations.com\/wp-content\/uploads\/2023\/01\/Logo_Home.png\",\"width\":872,\"height\":873,\"caption\":\"MaGie Creations\"},\"image\":{\"@id\":\"https:\/\/magiecreations.com\/nl\/#\/schema\/logo\/image\/\"},\"sameAs\":[\"https:\/\/nl.linkedin.com\/company\/magie-creations\"]}]}<\/script>\n<!-- \/ Yoast SEO plugin. -->","yoast_head_json":{"title":"Met brouwgraan waarde cre\u00ebren Beko Groothandel en MaGie Creations laten zien hoe - MaGie Creations","robots":{"index":"index","follow":"follow","max-snippet":"max-snippet:-1","max-image-preview":"max-image-preview:large","max-video-preview":"max-video-preview:-1"},"canonical":"https:\/\/magiecreations.com\/nl\/inspiratie\/met-brouwgraan-waarde-creeren-beko-groothandel-en-magie-creations-laten-zien-hoe\/","og_locale":"nl_NL","og_type":"article","og_title":"Met brouwgraan waarde cre\u00ebren Beko Groothandel en MaGie Creations laten zien hoe - MaGie Creations","og_url":"https:\/\/magiecreations.com\/nl\/inspiratie\/met-brouwgraan-waarde-creeren-beko-groothandel-en-magie-creations-laten-zien-hoe\/","og_site_name":"MaGie Creations","article_modified_time":"2025-05-13T12:38:44+00:00","og_image":[{"width":1799,"height":1200,"url":"https:\/\/magiecreations.com\/wp-content\/uploads\/2025\/05\/MagieCreations-sfeer-LR-2-1.jpg","type":"image\/jpeg"}],"twitter_card":"summary_large_image","twitter_misc":{"Geschatte leestijd":"2 minuten"},"schema":{"@context":"https:\/\/schema.org","@graph":[{"@type":"WebPage","@id":"https:\/\/magiecreations.com\/nl\/inspiratie\/met-brouwgraan-waarde-creeren-beko-groothandel-en-magie-creations-laten-zien-hoe\/","url":"https:\/\/magiecreations.com\/nl\/inspiratie\/met-brouwgraan-waarde-creeren-beko-groothandel-en-magie-creations-laten-zien-hoe\/","name":"Met brouwgraan waarde cre\u00ebren Beko Groothandel en MaGie Creations laten zien hoe - MaGie Creations","isPartOf":{"@id":"https:\/\/magiecreations.com\/nl\/#website"},"primaryImageOfPage":{"@id":"https:\/\/magiecreations.com\/nl\/inspiratie\/met-brouwgraan-waarde-creeren-beko-groothandel-en-magie-creations-laten-zien-hoe\/#primaryimage"},"image":{"@id":"https:\/\/magiecreations.com\/nl\/inspiratie\/met-brouwgraan-waarde-creeren-beko-groothandel-en-magie-creations-laten-zien-hoe\/#primaryimage"},"thumbnailUrl":"https:\/\/magiecreations.com\/wp-content\/uploads\/2025\/05\/MagieCreations-sfeer-LR-2-1.jpg","datePublished":"2025-05-06T12:33:23+00:00","dateModified":"2025-05-13T12:38:44+00:00","breadcrumb":{"@id":"https:\/\/magiecreations.com\/nl\/inspiratie\/met-brouwgraan-waarde-creeren-beko-groothandel-en-magie-creations-laten-zien-hoe\/#breadcrumb"},"inLanguage":"nl-NL","potentialAction":[{"@type":"ReadAction","target":["https:\/\/magiecreations.com\/nl\/inspiratie\/met-brouwgraan-waarde-creeren-beko-groothandel-en-magie-creations-laten-zien-hoe\/"]}]},{"@type":"ImageObject","inLanguage":"nl-NL","@id":"https:\/\/magiecreations.com\/nl\/inspiratie\/met-brouwgraan-waarde-creeren-beko-groothandel-en-magie-creations-laten-zien-hoe\/#primaryimage","url":"https:\/\/magiecreations.com\/wp-content\/uploads\/2025\/05\/MagieCreations-sfeer-LR-2-1.jpg","contentUrl":"https:\/\/magiecreations.com\/wp-content\/uploads\/2025\/05\/MagieCreations-sfeer-LR-2-1.jpg","width":1799,"height":1200},{"@type":"BreadcrumbList","@id":"https:\/\/magiecreations.com\/nl\/inspiratie\/met-brouwgraan-waarde-creeren-beko-groothandel-en-magie-creations-laten-zien-hoe\/#breadcrumb","itemListElement":[{"@type":"ListItem","position":1,"name":"Home","item":"https:\/\/magiecreations.com\/nl\/magie-creations\/"},{"@type":"ListItem","position":2,"name":"Inspiratie","item":"https:\/\/magiecreations.com\/nl\/inspiratie\/"},{"@type":"ListItem","position":3,"name":"Met brouwgraan waarde cre\u00ebren Beko Groothandel en MaGie Creations laten zien hoe"}]},{"@type":"WebSite","@id":"https:\/\/magiecreations.com\/nl\/#website","url":"https:\/\/magiecreations.com\/nl\/","name":"MaGie Creations","description":"","publisher":{"@id":"https:\/\/magiecreations.com\/nl\/#organization"},"potentialAction":[{"@type":"SearchAction","target":{"@type":"EntryPoint","urlTemplate":"https:\/\/magiecreations.com\/nl\/?s={search_term_string}"},"query-input":{"@type":"PropertyValueSpecification","valueRequired":true,"valueName":"search_term_string"}}],"inLanguage":"nl-NL"},{"@type":"Organization","@id":"https:\/\/magiecreations.com\/nl\/#organization","name":"MaGie Creations","url":"https:\/\/magiecreations.com\/nl\/","logo":{"@type":"ImageObject","inLanguage":"nl-NL","@id":"https:\/\/magiecreations.com\/nl\/#\/schema\/logo\/image\/","url":"https:\/\/magiecreations.com\/wp-content\/uploads\/2023\/01\/Logo_Home.png","contentUrl":"https:\/\/magiecreations.com\/wp-content\/uploads\/2023\/01\/Logo_Home.png","width":872,"height":873,"caption":"MaGie Creations"},"image":{"@id":"https:\/\/magiecreations.com\/nl\/#\/schema\/logo\/image\/"},"sameAs":["https:\/\/nl.linkedin.com\/company\/magie-creations"]}]}},"_links":{"self":[{"href":"https:\/\/magiecreations.com\/nl\/wp-json\/wp\/v2\/pages\/1998","targetHints":{"allow":["GET"]}}],"collection":[{"href":"https:\/\/magiecreations.com\/nl\/wp-json\/wp\/v2\/pages"}],"about":[{"href":"https:\/\/magiecreations.com\/nl\/wp-json\/wp\/v2\/types\/page"}],"author":[{"embeddable":true,"href":"https:\/\/magiecreations.com\/nl\/wp-json\/wp\/v2\/users\/1"}],"replies":[{"embeddable":true,"href":"https:\/\/magiecreations.com\/nl\/wp-json\/wp\/v2\/comments?post=1998"}],"version-history":[{"count":1,"href":"https:\/\/magiecreations.com\/nl\/wp-json\/wp\/v2\/pages\/1998\/revisions"}],"predecessor-version":[{"id":2000,"href":"https:\/\/magiecreations.com\/nl\/wp-json\/wp\/v2\/pages\/1998\/revisions\/2000"}],"up":[{"embeddable":true,"href":"https:\/\/magiecreations.com\/nl\/wp-json\/wp\/v2\/pages\/1693"}],"wp:featuredmedia":[{"embeddable":true,"href":"https:\/\/magiecreations.com\/nl\/wp-json\/wp\/v2\/media\/1956"}],"wp:attachment":[{"href":"https:\/\/magiecreations.com\/nl\/wp-json\/wp\/v2\/media?parent=1998"}],"curies":[{"name":"wp","href":"https:\/\/api.w.org\/{rel}","templated":true}]}}