{"id":1993,"date":"2025-04-20T13:26:22","date_gmt":"2025-04-20T12:26:22","guid":{"rendered":"https:\/\/magiecreations.com\/?page_id=1993"},"modified":"2025-05-13T13:37:56","modified_gmt":"2025-05-13T12:37:56","slug":"circulaire-gidsbedrijven-magie-creations-en-bus-whisky-introduceren-brouwgraan-pizza","status":"publish","type":"page","link":"https:\/\/magiecreations.com\/nl\/inspiratie\/circulaire-gidsbedrijven-magie-creations-en-bus-whisky-introduceren-brouwgraan-pizza\/","title":{"rendered":"Circulaire gidsbedrijven MaGie Creations en BUS Whisky introduceren brouwgraan pizza"},"content":{"rendered":"<section class=\"l-section wpb_row us_custom_aa2740a8 height_auto with_img\"><div class=\"l-section-img\" role=\"img\" aria-label=\"Afbeelding\" data-img-width=\"1200\" data-img-height=\"1600\" style=\"background-image: url(https:\/\/magiecreations.com\/wp-content\/uploads\/2025\/05\/Brouwgraan-pizza-BUS-MGC-1.jpeg);background-position: center left;background-repeat: no-repeat;background-size: contain;\"><\/div><div class=\"l-section-h i-cf\"><div class=\"g-cols vc_row via_flex valign_top type_default stacking_default\"><div class=\"vc_col-sm-3 wpb_column vc_column_container has_text_color\"><div class=\"vc_column-inner us_custom_0f088a09\"><div class=\"wpb_wrapper\"><div class=\"w-separator size_huge\"><\/div><div class=\"w-separator size_huge\"><\/div><div class=\"w-separator size_huge\"><\/div><div class=\"w-separator size_huge\"><\/div><\/div><\/div><\/div><div class=\"vc_col-sm-9 wpb_column vc_column_container has_bg_color\"><div class=\"vc_column-inner us_custom_b5d80fb0\"><div class=\"wpb_wrapper\"><div class=\"w-separator size_medium\"><\/div><h2 class=\"w-text us_custom_3104cfac has_text_color\"><span class=\"w-text-h\"><span class=\"w-text-value\">2025: De Bakkers Combinatie zet in op groen door te kiezen voor brouwgraan van MaGie Creations<\/span><\/span><\/h2><div class=\"wpb_text_column us_custom_a6ceb248\"><div class=\"wpb_wrapper\"><p><strong>Vanaf heden serveert BUS Whisky op haar locatie in Loosbroek een pizza met brouwgraan van MaGie Creations. BUS Whisky, dat eind vorig jaar in London nog een prestigieuze duurzaamheidsprijs won, zet hiermee de eerste impactvolle stap in haar ambitieuze plannen om brouwgraan, een reststroom van de distilleerderij, om te zetten in voeding. Deze stap is mogelijk gemaakt door brouwgraan-specialist MaGie Creations die voorop loopt in de verwerking van brouwgraan tot functionele ingredi\u00ebnten voor de industrie. <\/strong><\/p>\n<\/div><\/div><\/div><\/div><\/div><\/div><\/div><\/section><section class=\"l-section wpb_row us_custom_edb4fe0c height_medium\"><div class=\"l-section-h i-cf\"><div class=\"g-cols vc_row via_flex valign_top type_default stacking_default\"><div class=\"vc_col-sm-2 wpb_column vc_column_container\"><div class=\"vc_column-inner\"><div class=\"wpb_wrapper\"><\/div><\/div><\/div><div class=\"vc_col-sm-8 wpb_column vc_column_container\"><div class=\"vc_column-inner\"><div class=\"wpb_wrapper\"><\/div><\/div><\/div><div class=\"vc_col-sm-2 wpb_column vc_column_container\"><div class=\"vc_column-inner\"><div class=\"wpb_wrapper\"><\/div><\/div><\/div><\/div><\/div><\/section><section class=\"l-section wpb_row us_custom_0de0b760 height_auto color_alternate\"><div class=\"l-section-h i-cf\"><div class=\"g-cols vc_row via_flex valign_top type_default stacking_default\"><div class=\"vc_col-sm-3 wpb_column vc_column_container groen has_text_color stretched\"><div class=\"vc_column-inner us_custom_77b89265\"><div class=\"wpb_wrapper\"><div class=\"w-image align_none\"><div class=\"w-image-h\"><img decoding=\"async\" width=\"626\" height=\"626\" src=\"https:\/\/magiecreations.com\/wp-content\/uploads\/2025\/05\/MagieCreations_Add-Ons-06-1.png\" class=\"attachment-large size-large\" alt=\"\" loading=\"lazy\" srcset=\"https:\/\/magiecreations.com\/wp-content\/uploads\/2025\/05\/MagieCreations_Add-Ons-06-1.png 626w, https:\/\/magiecreations.com\/wp-content\/uploads\/2025\/05\/MagieCreations_Add-Ons-06-1-300x300.png 300w, https:\/\/magiecreations.com\/wp-content\/uploads\/2025\/05\/MagieCreations_Add-Ons-06-1-150x150.png 150w, https:\/\/magiecreations.com\/wp-content\/uploads\/2025\/05\/MagieCreations_Add-Ons-06-1-400x400.png 400w\" sizes=\"auto, (max-width: 626px) 100vw, 626px\" \/><\/div><\/div><\/div><\/div><\/div><div class=\"vc_col-sm-9 wpb_column vc_column_container\"><div class=\"vc_column-inner\"><div class=\"wpb_wrapper\"><div class=\"wpb_text_column us_custom_e19d6cbc has_text_color\"><div class=\"wpb_wrapper\"><p>\u201cGranen die bierbrouwers en distilleerders verwerken, zijn van zeer hoge kwaliteit. Niet enkel de suikers en zetmelen, ook de vezels, eiwitten en plantaardige vetten uit deze granen zijn van grote waarde voor de voedingsindustrie\u201d, aldus Dennis Hurkmans, oprichter van BUS Whisky. Onbekend maakt echter onbemind. Een transitie in het denken over brouwgraan is nodig. En dat begint met smaak. Esther van der Laan, kok streekproductie bij BUS Whisky: \u201cDuurzame voeding wordt nu nog vaak ervaren als tweederangs keuze. Met de brouwgraan pizza laten we onze gasten ervaren dat de duurzame keuze daadwerkelijk de beste optie kan zijn: de smaak is onovertroffen terwijl de voedingswaarde sterk is verbeterd ten opzichte van een traditionele pizza.\u201d<\/p>\n<p>Madeleine Gielens, eigenaar van MaGie Creations, ziet dat de voedingsindustrie vanuit verschillende hoeken onder druk staat. Consumenten houden sterk vast aan vertrouwde consumptiepatronen. Tegelijkertijd is het noodzakelijk dat ons eten betaalbaarder, voedzamer \u00e9n duurzamer wordt. \u201cDoor brouwgraan slim in te zetten hoeven wij ons consumptiegedrag niet aan te passen, terwijl we ons wel voeden met producten die betaalbaarder, voedzamer \u00e9n duurzamer zijn. De brouwgraan pizza is een overtuigend voorbeeld van hoe we beter kunnen eten zonder concessies te doen.\u201d<\/p>\n<p>De introductie van de brouwgraan pizza door circulaire gidsbedrijven MaGie Creations en BUS Whisky is ondersteund door De Bakkers Combinatie en The Pizza Academy. Innovatieve partijen, die door deelname aan de visie van Madeleine en Dennis nu ook circulariteit in voeding omarmen. Patrick Tissen, directeur van De Bakkers Combinatie: \u201cMet brouwgraan producten kunnen cateraars en foodservice partijen op een smakelijke manier in \u00e9\u00e9n klap scoren op duurzaamheid \u00e9n gezondheid. En zo een positieve impact maken op het welzijn van de gasten \u00e9n de planeet.\u201d<br \/>\nMaGie Creations is expert in de verwerking van brouwgraan tot functionele ingredi\u00ebnten. Ingredi\u00ebnten met een lage ecologische voetafdruk die geschikt zijn voor verwerking in producten als brood, banket, pizza, pasta, vleesvervangers en hybride vlees.<\/p>\n<\/div><\/div><div class=\"w-separator size_huge\"><\/div><\/div><\/div><\/div><\/div><\/div><\/section><section class=\"l-section wpb_row us_custom_ac07f723 has_text_color height_medium color_alternate\"><div class=\"l-section-h i-cf\"><div class=\"g-cols vc_row via_flex valign_top type_default stacking_default\"><div class=\"vc_col-sm-3 wpb_column vc_column_container groen has_text_color stretched\"><div class=\"vc_column-inner us_custom_9620ee08\"><div class=\"wpb_wrapper\"><\/div><\/div><\/div><div class=\"vc_col-sm-6 wpb_column vc_column_container\"><div class=\"vc_column-inner\"><div class=\"wpb_wrapper\"><h2 class=\"w-text us_custom_c51b64ad has_text_color\"><span class=\"w-text-h\"><span class=\"w-text-value\">Voor meer informatie:<\/span><\/span><\/h2><div class=\"wpb_text_column us_custom_535d3e33 has_text_color\"><div class=\"wpb_wrapper\"><p><strong>Madeleine Gielens<\/strong> &#8211; MaGie Creations<br \/>\n06 53654238 \u2013 <a href=\"mailto:madeleine@magiecreations.com\">madeleine@magiecreations.com<\/a><br \/>\n<a href=\"http:\/\/www.magiecreations.com\/\">www.magiecreations.com<\/a><\/p>\n<p><strong>Dennis Hurkmans<\/strong> \u2013 BUS Whisky \u2013 06 22243358 \u2013 <a href=\"mailto:dennis@buswhisky.com\">dennis@buswhisky.com<\/a><br \/>\n<a href=\"http:\/\/www.uswhisky.com\">www.uswhisky.com<\/a><\/p>\n<\/div><\/div><\/div><\/div><\/div><div class=\"vc_col-sm-3 wpb_column vc_column_container\"><div class=\"vc_column-inner\"><div class=\"wpb_wrapper\"><\/div><\/div><\/div><\/div><\/div><\/section><section class=\"l-section wpb_row us_custom_1a3834ef height_auto\"><div class=\"l-section-h i-cf\"><div class=\"g-cols vc_row via_flex valign_top type_default stacking_default\"><div class=\"vc_col-sm-3 wpb_column vc_column_container\"><div class=\"vc_column-inner\"><div class=\"wpb_wrapper\"><\/div><\/div><\/div><div class=\"vc_col-sm-6 wpb_column vc_column_container has_text_color\"><div class=\"vc_column-inner us_custom_0f088a09\"><div class=\"wpb_wrapper\"><div class=\"w-separator size_huge\"><\/div><div class=\"wpb_text_column us_custom_428efc7a has_text_color\"><div class=\"wpb_wrapper\"><h2><span data-olk-copy-source=\"MessageBody\"><strong>Zelf uitproberen?<\/strong><\/span><\/h2>\n<\/div><\/div><div class=\"w-separator size_small\"><\/div><div class=\"w-btn-wrapper align_left\"><a class=\"w-btn us-btn-style_4 icon_atright\" title=\"Circulair brouwgraan\" href=\"https:\/\/magiecreations.com\/landing-page\/\"><span class=\"w-btn-label\">Vraag nu je proefmonster aan<\/span><i class=\"fas fa-caret-right\"><\/i><\/a><\/div><div class=\"w-separator size_huge\"><\/div><\/div><\/div><\/div><div class=\"vc_col-sm-3 wpb_column vc_column_container\"><div class=\"vc_column-inner\"><div class=\"wpb_wrapper\"><div class=\"w-separator size_huge\"><\/div><div class=\"w-separator size_huge\"><\/div><\/div><\/div><\/div><\/div><\/div><\/section>\n","protected":false},"excerpt":{"rendered":"2025: De Bakkers Combinatie zet in op groen door te kiezen voor brouwgraan van MaGie CreationsVanaf heden serveert BUS Whisky op haar locatie in Loosbroek een pizza met brouwgraan van MaGie Creations. BUS Whisky, dat eind vorig jaar in London nog een prestigieuze duurzaamheidsprijs won, zet hiermee de eerste impactvolle stap in haar ambitieuze plannen...","protected":false},"author":1,"featured_media":1966,"parent":1693,"menu_order":0,"comment_status":"closed","ping_status":"closed","template":"","meta":{"_acf_changed":false,"footnotes":""},"class_list":["post-1993","page","type-page","status-publish","has-post-thumbnail","hentry"],"acf":[],"yoast_head":"<!-- This site is optimized with the Yoast SEO plugin v27.2 - https:\/\/yoast.com\/product\/yoast-seo-wordpress\/ -->\n<title>Circulaire gidsbedrijven MaGie Creations en BUS Whisky introduceren brouwgraan pizza - MaGie Creations<\/title>\n<meta name=\"robots\" content=\"index, follow, max-snippet:-1, max-image-preview:large, max-video-preview:-1\" \/>\n<link rel=\"canonical\" href=\"https:\/\/magiecreations.com\/nl\/inspiratie\/circulaire-gidsbedrijven-magie-creations-en-bus-whisky-introduceren-brouwgraan-pizza\/\" \/>\n<meta property=\"og:locale\" content=\"nl_NL\" \/>\n<meta property=\"og:type\" content=\"article\" \/>\n<meta property=\"og:title\" content=\"Circulaire gidsbedrijven MaGie Creations en BUS Whisky introduceren brouwgraan pizza - MaGie Creations\" \/>\n<meta property=\"og:url\" content=\"https:\/\/magiecreations.com\/nl\/inspiratie\/circulaire-gidsbedrijven-magie-creations-en-bus-whisky-introduceren-brouwgraan-pizza\/\" \/>\n<meta property=\"og:site_name\" content=\"MaGie Creations\" \/>\n<meta property=\"article:modified_time\" content=\"2025-05-13T12:37:56+00:00\" \/>\n<meta property=\"og:image\" content=\"https:\/\/magiecreations.com\/wp-content\/uploads\/2025\/05\/Brouwgraan-pizza-BUS-MGC-1.jpeg\" \/>\n\t<meta property=\"og:image:width\" content=\"1200\" \/>\n\t<meta property=\"og:image:height\" content=\"1600\" \/>\n\t<meta property=\"og:image:type\" content=\"image\/jpeg\" \/>\n<meta name=\"twitter:card\" content=\"summary_large_image\" \/>\n<meta name=\"twitter:label1\" content=\"Geschatte leestijd\" \/>\n\t<meta name=\"twitter:data1\" content=\"3 minuten\" \/>\n<script type=\"application\/ld+json\" class=\"yoast-schema-graph\">{\"@context\":\"https:\/\/schema.org\",\"@graph\":[{\"@type\":\"WebPage\",\"@id\":\"https:\/\/magiecreations.com\/nl\/inspiratie\/circulaire-gidsbedrijven-magie-creations-en-bus-whisky-introduceren-brouwgraan-pizza\/\",\"url\":\"https:\/\/magiecreations.com\/nl\/inspiratie\/circulaire-gidsbedrijven-magie-creations-en-bus-whisky-introduceren-brouwgraan-pizza\/\",\"name\":\"Circulaire gidsbedrijven MaGie Creations en BUS Whisky introduceren brouwgraan pizza - MaGie Creations\",\"isPartOf\":{\"@id\":\"https:\/\/magiecreations.com\/nl\/#website\"},\"primaryImageOfPage\":{\"@id\":\"https:\/\/magiecreations.com\/nl\/inspiratie\/circulaire-gidsbedrijven-magie-creations-en-bus-whisky-introduceren-brouwgraan-pizza\/#primaryimage\"},\"image\":{\"@id\":\"https:\/\/magiecreations.com\/nl\/inspiratie\/circulaire-gidsbedrijven-magie-creations-en-bus-whisky-introduceren-brouwgraan-pizza\/#primaryimage\"},\"thumbnailUrl\":\"https:\/\/magiecreations.com\/wp-content\/uploads\/2025\/05\/Brouwgraan-pizza-BUS-MGC-1.jpeg\",\"datePublished\":\"2025-04-20T12:26:22+00:00\",\"dateModified\":\"2025-05-13T12:37:56+00:00\",\"breadcrumb\":{\"@id\":\"https:\/\/magiecreations.com\/nl\/inspiratie\/circulaire-gidsbedrijven-magie-creations-en-bus-whisky-introduceren-brouwgraan-pizza\/#breadcrumb\"},\"inLanguage\":\"nl-NL\",\"potentialAction\":[{\"@type\":\"ReadAction\",\"target\":[\"https:\/\/magiecreations.com\/nl\/inspiratie\/circulaire-gidsbedrijven-magie-creations-en-bus-whisky-introduceren-brouwgraan-pizza\/\"]}]},{\"@type\":\"ImageObject\",\"inLanguage\":\"nl-NL\",\"@id\":\"https:\/\/magiecreations.com\/nl\/inspiratie\/circulaire-gidsbedrijven-magie-creations-en-bus-whisky-introduceren-brouwgraan-pizza\/#primaryimage\",\"url\":\"https:\/\/magiecreations.com\/wp-content\/uploads\/2025\/05\/Brouwgraan-pizza-BUS-MGC-1.jpeg\",\"contentUrl\":\"https:\/\/magiecreations.com\/wp-content\/uploads\/2025\/05\/Brouwgraan-pizza-BUS-MGC-1.jpeg\",\"width\":1200,\"height\":1600},{\"@type\":\"BreadcrumbList\",\"@id\":\"https:\/\/magiecreations.com\/nl\/inspiratie\/circulaire-gidsbedrijven-magie-creations-en-bus-whisky-introduceren-brouwgraan-pizza\/#breadcrumb\",\"itemListElement\":[{\"@type\":\"ListItem\",\"position\":1,\"name\":\"Home\",\"item\":\"https:\/\/magiecreations.com\/nl\/magie-creations\/\"},{\"@type\":\"ListItem\",\"position\":2,\"name\":\"Inspiratie\",\"item\":\"https:\/\/magiecreations.com\/nl\/inspiratie\/\"},{\"@type\":\"ListItem\",\"position\":3,\"name\":\"Circulaire gidsbedrijven MaGie Creations en BUS Whisky introduceren brouwgraan pizza\"}]},{\"@type\":\"WebSite\",\"@id\":\"https:\/\/magiecreations.com\/nl\/#website\",\"url\":\"https:\/\/magiecreations.com\/nl\/\",\"name\":\"MaGie Creations\",\"description\":\"\",\"publisher\":{\"@id\":\"https:\/\/magiecreations.com\/nl\/#organization\"},\"potentialAction\":[{\"@type\":\"SearchAction\",\"target\":{\"@type\":\"EntryPoint\",\"urlTemplate\":\"https:\/\/magiecreations.com\/nl\/?s={search_term_string}\"},\"query-input\":{\"@type\":\"PropertyValueSpecification\",\"valueRequired\":true,\"valueName\":\"search_term_string\"}}],\"inLanguage\":\"nl-NL\"},{\"@type\":\"Organization\",\"@id\":\"https:\/\/magiecreations.com\/nl\/#organization\",\"name\":\"MaGie Creations\",\"url\":\"https:\/\/magiecreations.com\/nl\/\",\"logo\":{\"@type\":\"ImageObject\",\"inLanguage\":\"nl-NL\",\"@id\":\"https:\/\/magiecreations.com\/nl\/#\/schema\/logo\/image\/\",\"url\":\"https:\/\/magiecreations.com\/wp-content\/uploads\/2023\/01\/Logo_Home.png\",\"contentUrl\":\"https:\/\/magiecreations.com\/wp-content\/uploads\/2023\/01\/Logo_Home.png\",\"width\":872,\"height\":873,\"caption\":\"MaGie Creations\"},\"image\":{\"@id\":\"https:\/\/magiecreations.com\/nl\/#\/schema\/logo\/image\/\"},\"sameAs\":[\"https:\/\/nl.linkedin.com\/company\/magie-creations\"]}]}<\/script>\n<!-- \/ Yoast SEO plugin. -->","yoast_head_json":{"title":"Circulaire gidsbedrijven MaGie Creations en BUS Whisky introduceren brouwgraan pizza - MaGie Creations","robots":{"index":"index","follow":"follow","max-snippet":"max-snippet:-1","max-image-preview":"max-image-preview:large","max-video-preview":"max-video-preview:-1"},"canonical":"https:\/\/magiecreations.com\/nl\/inspiratie\/circulaire-gidsbedrijven-magie-creations-en-bus-whisky-introduceren-brouwgraan-pizza\/","og_locale":"nl_NL","og_type":"article","og_title":"Circulaire gidsbedrijven MaGie Creations en BUS Whisky introduceren brouwgraan pizza - MaGie Creations","og_url":"https:\/\/magiecreations.com\/nl\/inspiratie\/circulaire-gidsbedrijven-magie-creations-en-bus-whisky-introduceren-brouwgraan-pizza\/","og_site_name":"MaGie Creations","article_modified_time":"2025-05-13T12:37:56+00:00","og_image":[{"width":1200,"height":1600,"url":"https:\/\/magiecreations.com\/wp-content\/uploads\/2025\/05\/Brouwgraan-pizza-BUS-MGC-1.jpeg","type":"image\/jpeg"}],"twitter_card":"summary_large_image","twitter_misc":{"Geschatte leestijd":"3 minuten"},"schema":{"@context":"https:\/\/schema.org","@graph":[{"@type":"WebPage","@id":"https:\/\/magiecreations.com\/nl\/inspiratie\/circulaire-gidsbedrijven-magie-creations-en-bus-whisky-introduceren-brouwgraan-pizza\/","url":"https:\/\/magiecreations.com\/nl\/inspiratie\/circulaire-gidsbedrijven-magie-creations-en-bus-whisky-introduceren-brouwgraan-pizza\/","name":"Circulaire gidsbedrijven MaGie Creations en BUS Whisky introduceren brouwgraan pizza - MaGie Creations","isPartOf":{"@id":"https:\/\/magiecreations.com\/nl\/#website"},"primaryImageOfPage":{"@id":"https:\/\/magiecreations.com\/nl\/inspiratie\/circulaire-gidsbedrijven-magie-creations-en-bus-whisky-introduceren-brouwgraan-pizza\/#primaryimage"},"image":{"@id":"https:\/\/magiecreations.com\/nl\/inspiratie\/circulaire-gidsbedrijven-magie-creations-en-bus-whisky-introduceren-brouwgraan-pizza\/#primaryimage"},"thumbnailUrl":"https:\/\/magiecreations.com\/wp-content\/uploads\/2025\/05\/Brouwgraan-pizza-BUS-MGC-1.jpeg","datePublished":"2025-04-20T12:26:22+00:00","dateModified":"2025-05-13T12:37:56+00:00","breadcrumb":{"@id":"https:\/\/magiecreations.com\/nl\/inspiratie\/circulaire-gidsbedrijven-magie-creations-en-bus-whisky-introduceren-brouwgraan-pizza\/#breadcrumb"},"inLanguage":"nl-NL","potentialAction":[{"@type":"ReadAction","target":["https:\/\/magiecreations.com\/nl\/inspiratie\/circulaire-gidsbedrijven-magie-creations-en-bus-whisky-introduceren-brouwgraan-pizza\/"]}]},{"@type":"ImageObject","inLanguage":"nl-NL","@id":"https:\/\/magiecreations.com\/nl\/inspiratie\/circulaire-gidsbedrijven-magie-creations-en-bus-whisky-introduceren-brouwgraan-pizza\/#primaryimage","url":"https:\/\/magiecreations.com\/wp-content\/uploads\/2025\/05\/Brouwgraan-pizza-BUS-MGC-1.jpeg","contentUrl":"https:\/\/magiecreations.com\/wp-content\/uploads\/2025\/05\/Brouwgraan-pizza-BUS-MGC-1.jpeg","width":1200,"height":1600},{"@type":"BreadcrumbList","@id":"https:\/\/magiecreations.com\/nl\/inspiratie\/circulaire-gidsbedrijven-magie-creations-en-bus-whisky-introduceren-brouwgraan-pizza\/#breadcrumb","itemListElement":[{"@type":"ListItem","position":1,"name":"Home","item":"https:\/\/magiecreations.com\/nl\/magie-creations\/"},{"@type":"ListItem","position":2,"name":"Inspiratie","item":"https:\/\/magiecreations.com\/nl\/inspiratie\/"},{"@type":"ListItem","position":3,"name":"Circulaire gidsbedrijven MaGie Creations en BUS Whisky introduceren brouwgraan pizza"}]},{"@type":"WebSite","@id":"https:\/\/magiecreations.com\/nl\/#website","url":"https:\/\/magiecreations.com\/nl\/","name":"MaGie Creations","description":"","publisher":{"@id":"https:\/\/magiecreations.com\/nl\/#organization"},"potentialAction":[{"@type":"SearchAction","target":{"@type":"EntryPoint","urlTemplate":"https:\/\/magiecreations.com\/nl\/?s={search_term_string}"},"query-input":{"@type":"PropertyValueSpecification","valueRequired":true,"valueName":"search_term_string"}}],"inLanguage":"nl-NL"},{"@type":"Organization","@id":"https:\/\/magiecreations.com\/nl\/#organization","name":"MaGie Creations","url":"https:\/\/magiecreations.com\/nl\/","logo":{"@type":"ImageObject","inLanguage":"nl-NL","@id":"https:\/\/magiecreations.com\/nl\/#\/schema\/logo\/image\/","url":"https:\/\/magiecreations.com\/wp-content\/uploads\/2023\/01\/Logo_Home.png","contentUrl":"https:\/\/magiecreations.com\/wp-content\/uploads\/2023\/01\/Logo_Home.png","width":872,"height":873,"caption":"MaGie Creations"},"image":{"@id":"https:\/\/magiecreations.com\/nl\/#\/schema\/logo\/image\/"},"sameAs":["https:\/\/nl.linkedin.com\/company\/magie-creations"]}]}},"_links":{"self":[{"href":"https:\/\/magiecreations.com\/nl\/wp-json\/wp\/v2\/pages\/1993","targetHints":{"allow":["GET"]}}],"collection":[{"href":"https:\/\/magiecreations.com\/nl\/wp-json\/wp\/v2\/pages"}],"about":[{"href":"https:\/\/magiecreations.com\/nl\/wp-json\/wp\/v2\/types\/page"}],"author":[{"embeddable":true,"href":"https:\/\/magiecreations.com\/nl\/wp-json\/wp\/v2\/users\/1"}],"replies":[{"embeddable":true,"href":"https:\/\/magiecreations.com\/nl\/wp-json\/wp\/v2\/comments?post=1993"}],"version-history":[{"count":3,"href":"https:\/\/magiecreations.com\/nl\/wp-json\/wp\/v2\/pages\/1993\/revisions"}],"predecessor-version":[{"id":1999,"href":"https:\/\/magiecreations.com\/nl\/wp-json\/wp\/v2\/pages\/1993\/revisions\/1999"}],"up":[{"embeddable":true,"href":"https:\/\/magiecreations.com\/nl\/wp-json\/wp\/v2\/pages\/1693"}],"wp:featuredmedia":[{"embeddable":true,"href":"https:\/\/magiecreations.com\/nl\/wp-json\/wp\/v2\/media\/1966"}],"wp:attachment":[{"href":"https:\/\/magiecreations.com\/nl\/wp-json\/wp\/v2\/media?parent=1993"}],"curies":[{"name":"wp","href":"https:\/\/api.w.org\/{rel}","templated":true}]}}