{"id":1666,"date":"2025-01-08T09:00:23","date_gmt":"2025-01-08T08:00:23","guid":{"rendered":"https:\/\/magiecreations.com\/?page_id=1666"},"modified":"2025-01-08T10:41:28","modified_gmt":"2025-01-08T09:41:28","slug":"de-bakkers-combinatie-zet-in-op-groen-door-te-kiezen-voor-brouwgraan-van-magie-creations","status":"publish","type":"page","link":"https:\/\/magiecreations.com\/nl\/inspiratie\/de-bakkers-combinatie-zet-in-op-groen-door-te-kiezen-voor-brouwgraan-van-magie-creations\/","title":{"rendered":"De Bakkers Combinatie zet in op groen door te kiezen voor brouwgraan van MaGie Creations"},"content":{"rendered":"<section class=\"l-section wpb_row us_custom_aa2740a8 height_auto with_img\"><div class=\"l-section-img\" role=\"img\" aria-label=\"Afbeelding\" data-img-width=\"1022\" data-img-height=\"1024\" style=\"background-image: url(https:\/\/magiecreations.com\/wp-content\/uploads\/2024\/12\/foto-website-artikel2.jpg);background-position: center left;background-repeat: no-repeat;background-size: contain;\"><\/div><div class=\"l-section-h i-cf\"><div class=\"g-cols vc_row via_flex valign_top type_default stacking_default\"><div class=\"vc_col-sm-3 wpb_column vc_column_container has_text_color\"><div class=\"vc_column-inner us_custom_0f088a09\"><div class=\"wpb_wrapper\"><div class=\"w-separator size_huge\"><\/div><div class=\"w-separator size_huge\"><\/div><div class=\"w-separator size_huge\"><\/div><div class=\"w-separator size_huge\"><\/div><\/div><\/div><\/div><div class=\"vc_col-sm-9 wpb_column vc_column_container has_bg_color\"><div class=\"vc_column-inner us_custom_b5d80fb0\"><div class=\"wpb_wrapper\"><div class=\"w-separator size_medium\"><\/div><h2 class=\"w-text us_custom_3104cfac has_text_color\"><span class=\"w-text-h\"><span class=\"w-text-value\">2025: De Bakkers Combinatie zet in op groen door te kiezen voor brouwgraan van MaGie Creations<\/span><\/span><\/h2><div class=\"wpb_text_column us_custom_a6ceb248\"><div class=\"wpb_wrapper\"><p><strong>De Bakkers Combinatie zet de trend op Horecava 2025 met haar nieuwe assortiment van producten gemaakt met brouwgraan van MaGie Creations. Hiermee biedt De Bakkers Combinatie cateraars en foodservice partijen een smakelijke manier om in \u00e9\u00e9n klap te scoren op duurzaamheid \u00e9n gezondheid. Het hebben van een positieve impact op het welzijn van de gasten en de planeet is een breed gekoesterde wens onder maaltijdverzorgers. Een roep die volgens trendwatchers in 2025 alleen maar krachtiger zal worden. <\/strong><\/p>\n<\/div><\/div><\/div><\/div><\/div><\/div><\/div><\/section><section class=\"l-section wpb_row us_custom_edb4fe0c height_medium\"><div class=\"l-section-h i-cf\"><div class=\"g-cols vc_row via_flex valign_top type_default stacking_default\"><div class=\"vc_col-sm-2 wpb_column vc_column_container\"><div class=\"vc_column-inner\"><div class=\"wpb_wrapper\"><\/div><\/div><\/div><div class=\"vc_col-sm-8 wpb_column vc_column_container\"><div class=\"vc_column-inner\"><div class=\"wpb_wrapper\"><\/div><\/div><\/div><div class=\"vc_col-sm-2 wpb_column vc_column_container\"><div class=\"vc_column-inner\"><div class=\"wpb_wrapper\"><\/div><\/div><\/div><\/div><\/div><\/section><section class=\"l-section wpb_row us_custom_0de0b760 height_auto color_alternate\"><div class=\"l-section-h i-cf\"><div class=\"g-cols vc_row via_flex valign_top type_default stacking_default\"><div class=\"vc_col-sm-3 wpb_column vc_column_container groen has_text_color stretched\"><div class=\"vc_column-inner us_custom_77b89265\"><div class=\"wpb_wrapper\"><div class=\"w-image align_none\"><div class=\"w-image-h\"><img decoding=\"async\" width=\"626\" height=\"626\" src=\"https:\/\/magiecreations.com\/wp-content\/uploads\/2024\/12\/MagieCreations_Add-Ons-86.png\" class=\"attachment-large size-large\" alt=\"\" loading=\"lazy\" srcset=\"https:\/\/magiecreations.com\/wp-content\/uploads\/2024\/12\/MagieCreations_Add-Ons-86.png 626w, https:\/\/magiecreations.com\/wp-content\/uploads\/2024\/12\/MagieCreations_Add-Ons-86-300x300.png 300w, https:\/\/magiecreations.com\/wp-content\/uploads\/2024\/12\/MagieCreations_Add-Ons-86-150x150.png 150w, https:\/\/magiecreations.com\/wp-content\/uploads\/2024\/12\/MagieCreations_Add-Ons-86-400x400.png 400w, https:\/\/magiecreations.com\/wp-content\/uploads\/2024\/12\/MagieCreations_Add-Ons-86-600x600.png 600w\" sizes=\"auto, (max-width: 626px) 100vw, 626px\" \/><\/div><\/div><\/div><\/div><\/div><div class=\"vc_col-sm-9 wpb_column vc_column_container\"><div class=\"vc_column-inner\"><div class=\"wpb_wrapper\"><div class=\"wpb_text_column us_custom_e19d6cbc has_text_color\"><div class=\"wpb_wrapper\"><p>Dat je met brouwgraan meerdere doelen tegelijk kunt halen is inmiddels geen geheim meer. Zo ontwikkelde Bakkerij Holleman, een bakkerij waar De Bakkers Combinatie al jarenlang mee samenwerkt, recent een zachte waldkornbol met brouwgraan voor Sportcentrum Papendal. \u2018Het rijke aroma van brouwgraan voegt een prachtige smaakcomplexiteit toe aan onze waldkornbol. Bovendien verlaagt het brouwgraan het aantal koolhydraten in het brood terwijl de hoeveelheid vezels en eiwitten toeneemt. Waardoor onze waldkornbol met open armen ontvangen werd door Erik te Velthuis die zich al decennia inzet voor lekkere, gezonde voeding.\u2019, aldus Marco Holleman.<\/p>\n<p>Patrick Tissen, directeur van De Bakkers Combinatie, ziet het enthousiasme over brouwgraan terug bij meerdere bakkers waarmee hij samenwerkt. \u2018De mogelijkheid om smaak te verrijken, terwijl je tegelijkertijd de voedingswaarden en milieu-impact van een product verbetert, maakt brouwgraan tot een uniek ingredi\u00ebnt. Dit enthousiasme proef je in ons nieuwe assortiment dat we tijdens de Horecava aan het publiek presenteren. Van zachte waldkornbol tot worstenbrood tot pizza, brouwgraan voegt aan al deze producten waarde toe.\u2019<\/p>\n<p>Om de ambities van cateraars en foodservice partijen te kunnen realiseren, moet iedere schakel in de toeleveringsketen verduurzamen, weet Madeleine Gielens, founder van MaGie Creations. Met haar bedrijf werkt zij al jaren aan duurzame verwerking van brouwgraan. Inmiddels heeft haar team een proces ontwikkeld waarmee brouwgraan zelfs 100% fossielvrij verwerkt kan worden. Ook ontwikkelden zij een breed scala aan toepassingen van brouwgraan die scoren op smaak, gezondheid, duurzaamheid en betaalbaarheid. \u2018Het is geweldig om te zien hoe De Bakkers Combinatie deze kennis inzet om in te kunnen spelen op de veranderende vraag vanuit de markt. Met ieder product met brouwgraan dat de consument bereikt, maken we samen concrete impact op mens \u00e9n milieu.\u2019, aldus Madeleine Gielens.<\/p>\n<\/div><\/div><div class=\"w-separator size_huge\"><\/div><\/div><\/div><\/div><\/div><\/div><\/section><section class=\"l-section wpb_row us_custom_1a3834ef height_auto with_img\"><div class=\"l-section-img\" role=\"img\" aria-label=\"Afbeelding\" data-img-width=\"1022\" data-img-height=\"1024\" style=\"background-image: url(https:\/\/magiecreations.com\/wp-content\/uploads\/2024\/12\/foto-website-artikel1-\u2013-2c.jpg);background-position: center right;background-repeat: no-repeat;background-size: contain;\"><\/div><div class=\"l-section-h i-cf\"><div class=\"g-cols vc_row via_flex valign_top type_default stacking_default\"><div class=\"vc_col-sm-3 wpb_column vc_column_container\"><div class=\"vc_column-inner\"><div class=\"wpb_wrapper\"><\/div><\/div><\/div><div class=\"vc_col-sm-6 wpb_column vc_column_container has_text_color\"><div class=\"vc_column-inner us_custom_0f088a09\"><div class=\"wpb_wrapper\"><div class=\"w-separator size_huge\"><\/div><div class=\"w-image align_none\"><div class=\"w-image-h\"><img decoding=\"async\" width=\"300\" height=\"86\" src=\"https:\/\/magiecreations.com\/wp-content\/uploads\/2025\/01\/de-bakkerscombienatie-logo-zwart-300x86.png\" class=\"attachment-medium size-medium\" alt=\"\" loading=\"lazy\" srcset=\"https:\/\/magiecreations.com\/wp-content\/uploads\/2025\/01\/de-bakkerscombienatie-logo-zwart-300x86.png 300w, https:\/\/magiecreations.com\/wp-content\/uploads\/2025\/01\/de-bakkerscombienatie-logo-zwart-400x114.png 400w, https:\/\/magiecreations.com\/wp-content\/uploads\/2025\/01\/de-bakkerscombienatie-logo-zwart.png 700w, https:\/\/magiecreations.com\/wp-content\/uploads\/2025\/01\/de-bakkerscombienatie-logo-zwart-150x43.png 150w\" sizes=\"auto, (max-width: 300px) 100vw, 300px\" \/><\/div><\/div><div class=\"wpb_text_column us_custom_428efc7a has_text_color\"><div class=\"wpb_wrapper\"><p>De Bakkers Combinatie is een professionele verkooporganisatie van ambachtelijke, vooruitstrevende bakkerijproducten. Hiervoor werkt De Bakkers Combinatie samen met bakkerijen die al generaties lang hun vakmanschap perfectioneren. MaGie Creations is gespecialiseerd in klimaatpositieve verwerking van brouwgraan tot ingredi\u00ebnt \u00e9n verwerkt in onderscheidende bakkerijtoepassingen.<\/p>\n<\/div><\/div><div class=\"w-separator size_huge\"><\/div><\/div><\/div><\/div><div class=\"vc_col-sm-3 wpb_column vc_column_container\"><div class=\"vc_column-inner\"><div class=\"wpb_wrapper\"><\/div><\/div><\/div><\/div><\/div><\/section><section class=\"l-section wpb_row us_custom_ac07f723 has_text_color height_medium color_alternate\"><div class=\"l-section-h i-cf\"><div class=\"g-cols vc_row via_flex valign_top type_default stacking_default\"><div class=\"vc_col-sm-3 wpb_column vc_column_container groen has_text_color stretched\"><div class=\"vc_column-inner us_custom_9620ee08\"><div class=\"wpb_wrapper\"><\/div><\/div><\/div><div class=\"vc_col-sm-6 wpb_column vc_column_container\"><div class=\"vc_column-inner\"><div class=\"wpb_wrapper\"><h2 class=\"w-text us_custom_c51b64ad has_text_color\"><span class=\"w-text-h\"><span class=\"w-text-value\">Voor meer informatie:<\/span><\/span><\/h2><div class=\"wpb_text_column us_custom_535d3e33 has_text_color\"><div class=\"wpb_wrapper\"><p><strong>Madeleine Gielens<\/strong> &#8211; MaGie Creations<br \/>\n06 53654238 \u2013 <a href=\"mailto:madeleine@magiecreations.com\">madeleine@magiecreations.com<\/a><br \/>\n<a href=\"http:\/\/www.magiecreations.com\/\">www.magiecreations.com<\/a><\/p>\n<p><strong>Patrick Tissen<\/strong> \u2013 De Bakkers Combinatie<br \/>\n06 51377065 \u2013 <a href=\"mailto:patrick@therealbaker.nl\">p.tissen@debakkerscombinatie.nl<\/a><br \/>\n<a href=\"http:\/\/www.therealbaker.nl\">www.debakkerscombinatie.nl<\/a><\/p>\n<\/div><\/div><\/div><\/div><\/div><div class=\"vc_col-sm-3 wpb_column vc_column_container\"><div class=\"vc_column-inner\"><div class=\"wpb_wrapper\"><\/div><\/div><\/div><\/div><\/div><\/section><section class=\"l-section wpb_row us_custom_1a3834ef height_auto\"><div class=\"l-section-h i-cf\"><div class=\"g-cols vc_row via_flex valign_top type_default stacking_default\"><div class=\"vc_col-sm-3 wpb_column vc_column_container\"><div class=\"vc_column-inner\"><div class=\"wpb_wrapper\"><\/div><\/div><\/div><div class=\"vc_col-sm-6 wpb_column vc_column_container has_text_color\"><div class=\"vc_column-inner us_custom_0f088a09\"><div class=\"wpb_wrapper\"><div class=\"w-separator size_huge\"><\/div><div class=\"wpb_text_column us_custom_428efc7a has_text_color\"><div class=\"wpb_wrapper\"><h2><span data-olk-copy-source=\"MessageBody\"><strong>Zelf uitproberen?<\/strong><\/span><\/h2>\n<\/div><\/div><div class=\"w-separator size_small\"><\/div><div class=\"w-btn-wrapper align_left\"><a class=\"w-btn us-btn-style_4 icon_atright\" title=\"Circulair brouwgraan\" href=\"https:\/\/magiecreations.com\/landing-page\/\"><span class=\"w-btn-label\">Vraag nu je proefmonster aan<\/span><i class=\"fas fa-caret-right\"><\/i><\/a><\/div><div class=\"w-separator size_huge\"><\/div><\/div><\/div><\/div><div class=\"vc_col-sm-3 wpb_column vc_column_container\"><div class=\"vc_column-inner\"><div class=\"wpb_wrapper\"><div class=\"w-separator size_huge\"><\/div><div class=\"w-separator size_huge\"><\/div><\/div><\/div><\/div><\/div><\/div><\/section>\n","protected":false},"excerpt":{"rendered":"2025: De Bakkers Combinatie zet in op groen door te kiezen voor brouwgraan van MaGie CreationsDe Bakkers Combinatie zet de trend op Horecava 2025 met haar nieuwe assortiment van producten gemaakt met brouwgraan van MaGie Creations. Hiermee biedt De Bakkers Combinatie cateraars en foodservice partijen een smakelijke manier om in \u00e9\u00e9n klap te scoren op...","protected":false},"author":4,"featured_media":1918,"parent":1693,"menu_order":0,"comment_status":"closed","ping_status":"closed","template":"","meta":{"_acf_changed":false,"footnotes":""},"class_list":["post-1666","page","type-page","status-publish","has-post-thumbnail","hentry"],"acf":[],"yoast_head":"<!-- This site is optimized with the Yoast SEO plugin v27.4 - https:\/\/yoast.com\/product\/yoast-seo-wordpress\/ -->\n<title>De Bakkers Combinatie kiest brouwgraan MaGie Creations<\/title>\n<meta name=\"description\" content=\"De Bakkers Combinatie zet de trend op Horecava 2025 met haar nieuwe assortiment van producten gemaakt met brouwgraan van MaGie Creations. Hiermee biedt De Bakkers Combinatie cateraars en foodservice partijen een smakelijke manier om in \u00e9\u00e9n klap te scoren op duurzaamheid \u00e9n gezondheid. Het hebben van een positieve impact op het welzijn van de gasten en de planeet is een breed gekoesterde wens onder maaltijdverzorgers.\" \/>\n<meta name=\"robots\" content=\"index, follow, max-snippet:-1, max-image-preview:large, max-video-preview:-1\" \/>\n<link rel=\"canonical\" href=\"https:\/\/magiecreations.com\/nl\/inspiratie\/de-bakkers-combinatie-zet-in-op-groen-door-te-kiezen-voor-brouwgraan-van-magie-creations\/\" \/>\n<meta property=\"og:locale\" content=\"nl_NL\" \/>\n<meta property=\"og:type\" content=\"article\" \/>\n<meta property=\"og:title\" content=\"De Bakkers Combinatie kiest brouwgraan MaGie Creations\" \/>\n<meta property=\"og:description\" content=\"De Bakkers Combinatie zet de trend op Horecava 2025 met haar nieuwe assortiment van producten gemaakt met brouwgraan van MaGie Creations. Hiermee biedt De Bakkers Combinatie cateraars en foodservice partijen een smakelijke manier om in \u00e9\u00e9n klap te scoren op duurzaamheid \u00e9n gezondheid. Het hebben van een positieve impact op het welzijn van de gasten en de planeet is een breed gekoesterde wens onder maaltijdverzorgers.\" \/>\n<meta property=\"og:url\" content=\"https:\/\/magiecreations.com\/nl\/inspiratie\/de-bakkers-combinatie-zet-in-op-groen-door-te-kiezen-voor-brouwgraan-van-magie-creations\/\" \/>\n<meta property=\"og:site_name\" content=\"MaGie Creations\" \/>\n<meta property=\"article:modified_time\" content=\"2025-01-08T09:41:28+00:00\" \/>\n<meta property=\"og:image\" content=\"https:\/\/magiecreations.com\/wp-content\/uploads\/2025\/01\/FotoMX-3-Aangepast.jpg\" \/>\n\t<meta property=\"og:image:width\" content=\"500\" \/>\n\t<meta property=\"og:image:height\" content=\"500\" \/>\n\t<meta property=\"og:image:type\" content=\"image\/jpeg\" \/>\n<meta name=\"twitter:card\" content=\"summary_large_image\" \/>\n<meta name=\"twitter:label1\" content=\"Geschatte leestijd\" \/>\n\t<meta name=\"twitter:data1\" content=\"3 minuten\" \/>\n<script type=\"application\/ld+json\" class=\"yoast-schema-graph\">{\"@context\":\"https:\\\/\\\/schema.org\",\"@graph\":[{\"@type\":\"WebPage\",\"@id\":\"https:\\\/\\\/magiecreations.com\\\/nl\\\/inspiratie\\\/de-bakkers-combinatie-zet-in-op-groen-door-te-kiezen-voor-brouwgraan-van-magie-creations\\\/\",\"url\":\"https:\\\/\\\/magiecreations.com\\\/nl\\\/inspiratie\\\/de-bakkers-combinatie-zet-in-op-groen-door-te-kiezen-voor-brouwgraan-van-magie-creations\\\/\",\"name\":\"De Bakkers Combinatie kiest brouwgraan MaGie Creations\",\"isPartOf\":{\"@id\":\"https:\\\/\\\/magiecreations.com\\\/nl\\\/#website\"},\"primaryImageOfPage\":{\"@id\":\"https:\\\/\\\/magiecreations.com\\\/nl\\\/inspiratie\\\/de-bakkers-combinatie-zet-in-op-groen-door-te-kiezen-voor-brouwgraan-van-magie-creations\\\/#primaryimage\"},\"image\":{\"@id\":\"https:\\\/\\\/magiecreations.com\\\/nl\\\/inspiratie\\\/de-bakkers-combinatie-zet-in-op-groen-door-te-kiezen-voor-brouwgraan-van-magie-creations\\\/#primaryimage\"},\"thumbnailUrl\":\"https:\\\/\\\/magiecreations.com\\\/wp-content\\\/uploads\\\/2025\\\/01\\\/FotoMX-3-Aangepast.jpg\",\"datePublished\":\"2025-01-08T08:00:23+00:00\",\"dateModified\":\"2025-01-08T09:41:28+00:00\",\"description\":\"De Bakkers Combinatie zet de trend op Horecava 2025 met haar nieuwe assortiment van producten gemaakt met brouwgraan van MaGie Creations. Hiermee biedt De Bakkers Combinatie cateraars en foodservice partijen een smakelijke manier om in \u00e9\u00e9n klap te scoren op duurzaamheid \u00e9n gezondheid. Het hebben van een positieve impact op het welzijn van de gasten en de planeet is een breed gekoesterde wens onder maaltijdverzorgers.\",\"breadcrumb\":{\"@id\":\"https:\\\/\\\/magiecreations.com\\\/nl\\\/inspiratie\\\/de-bakkers-combinatie-zet-in-op-groen-door-te-kiezen-voor-brouwgraan-van-magie-creations\\\/#breadcrumb\"},\"inLanguage\":\"nl-NL\",\"potentialAction\":[{\"@type\":\"ReadAction\",\"target\":[\"https:\\\/\\\/magiecreations.com\\\/nl\\\/inspiratie\\\/de-bakkers-combinatie-zet-in-op-groen-door-te-kiezen-voor-brouwgraan-van-magie-creations\\\/\"]}]},{\"@type\":\"ImageObject\",\"inLanguage\":\"nl-NL\",\"@id\":\"https:\\\/\\\/magiecreations.com\\\/nl\\\/inspiratie\\\/de-bakkers-combinatie-zet-in-op-groen-door-te-kiezen-voor-brouwgraan-van-magie-creations\\\/#primaryimage\",\"url\":\"https:\\\/\\\/magiecreations.com\\\/wp-content\\\/uploads\\\/2025\\\/01\\\/FotoMX-3-Aangepast.jpg\",\"contentUrl\":\"https:\\\/\\\/magiecreations.com\\\/wp-content\\\/uploads\\\/2025\\\/01\\\/FotoMX-3-Aangepast.jpg\",\"width\":500,\"height\":500},{\"@type\":\"BreadcrumbList\",\"@id\":\"https:\\\/\\\/magiecreations.com\\\/nl\\\/inspiratie\\\/de-bakkers-combinatie-zet-in-op-groen-door-te-kiezen-voor-brouwgraan-van-magie-creations\\\/#breadcrumb\",\"itemListElement\":[{\"@type\":\"ListItem\",\"position\":1,\"name\":\"Home\",\"item\":\"https:\\\/\\\/magiecreations.com\\\/nl\\\/magie-creations\\\/\"},{\"@type\":\"ListItem\",\"position\":2,\"name\":\"Inspiratie\",\"item\":\"https:\\\/\\\/magiecreations.com\\\/nl\\\/inspiratie\\\/\"},{\"@type\":\"ListItem\",\"position\":3,\"name\":\"De Bakkers Combinatie zet in op groen door te kiezen voor brouwgraan van MaGie Creations\"}]},{\"@type\":\"WebSite\",\"@id\":\"https:\\\/\\\/magiecreations.com\\\/nl\\\/#website\",\"url\":\"https:\\\/\\\/magiecreations.com\\\/nl\\\/\",\"name\":\"MaGie Creations\",\"description\":\"\",\"publisher\":{\"@id\":\"https:\\\/\\\/magiecreations.com\\\/nl\\\/#organization\"},\"potentialAction\":[{\"@type\":\"SearchAction\",\"target\":{\"@type\":\"EntryPoint\",\"urlTemplate\":\"https:\\\/\\\/magiecreations.com\\\/nl\\\/?s={search_term_string}\"},\"query-input\":{\"@type\":\"PropertyValueSpecification\",\"valueRequired\":true,\"valueName\":\"search_term_string\"}}],\"inLanguage\":\"nl-NL\"},{\"@type\":\"Organization\",\"@id\":\"https:\\\/\\\/magiecreations.com\\\/nl\\\/#organization\",\"name\":\"MaGie Creations\",\"url\":\"https:\\\/\\\/magiecreations.com\\\/nl\\\/\",\"logo\":{\"@type\":\"ImageObject\",\"inLanguage\":\"nl-NL\",\"@id\":\"https:\\\/\\\/magiecreations.com\\\/nl\\\/#\\\/schema\\\/logo\\\/image\\\/\",\"url\":\"https:\\\/\\\/magiecreations.com\\\/wp-content\\\/uploads\\\/2023\\\/01\\\/Logo_Home.png\",\"contentUrl\":\"https:\\\/\\\/magiecreations.com\\\/wp-content\\\/uploads\\\/2023\\\/01\\\/Logo_Home.png\",\"width\":872,\"height\":873,\"caption\":\"MaGie Creations\"},\"image\":{\"@id\":\"https:\\\/\\\/magiecreations.com\\\/nl\\\/#\\\/schema\\\/logo\\\/image\\\/\"},\"sameAs\":[\"https:\\\/\\\/nl.linkedin.com\\\/company\\\/magie-creations\"]}]}<\/script>\n<!-- \/ Yoast SEO plugin. -->","yoast_head_json":{"title":"De Bakkers Combinatie kiest brouwgraan MaGie Creations","description":"De Bakkers Combinatie zet de trend op Horecava 2025 met haar nieuwe assortiment van producten gemaakt met brouwgraan van MaGie Creations. Hiermee biedt De Bakkers Combinatie cateraars en foodservice partijen een smakelijke manier om in \u00e9\u00e9n klap te scoren op duurzaamheid \u00e9n gezondheid. Het hebben van een positieve impact op het welzijn van de gasten en de planeet is een breed gekoesterde wens onder maaltijdverzorgers.","robots":{"index":"index","follow":"follow","max-snippet":"max-snippet:-1","max-image-preview":"max-image-preview:large","max-video-preview":"max-video-preview:-1"},"canonical":"https:\/\/magiecreations.com\/nl\/inspiratie\/de-bakkers-combinatie-zet-in-op-groen-door-te-kiezen-voor-brouwgraan-van-magie-creations\/","og_locale":"nl_NL","og_type":"article","og_title":"De Bakkers Combinatie kiest brouwgraan MaGie Creations","og_description":"De Bakkers Combinatie zet de trend op Horecava 2025 met haar nieuwe assortiment van producten gemaakt met brouwgraan van MaGie Creations. Hiermee biedt De Bakkers Combinatie cateraars en foodservice partijen een smakelijke manier om in \u00e9\u00e9n klap te scoren op duurzaamheid \u00e9n gezondheid. Het hebben van een positieve impact op het welzijn van de gasten en de planeet is een breed gekoesterde wens onder maaltijdverzorgers.","og_url":"https:\/\/magiecreations.com\/nl\/inspiratie\/de-bakkers-combinatie-zet-in-op-groen-door-te-kiezen-voor-brouwgraan-van-magie-creations\/","og_site_name":"MaGie Creations","article_modified_time":"2025-01-08T09:41:28+00:00","og_image":[{"width":500,"height":500,"url":"https:\/\/magiecreations.com\/wp-content\/uploads\/2025\/01\/FotoMX-3-Aangepast.jpg","type":"image\/jpeg"}],"twitter_card":"summary_large_image","twitter_misc":{"Geschatte leestijd":"3 minuten"},"schema":{"@context":"https:\/\/schema.org","@graph":[{"@type":"WebPage","@id":"https:\/\/magiecreations.com\/nl\/inspiratie\/de-bakkers-combinatie-zet-in-op-groen-door-te-kiezen-voor-brouwgraan-van-magie-creations\/","url":"https:\/\/magiecreations.com\/nl\/inspiratie\/de-bakkers-combinatie-zet-in-op-groen-door-te-kiezen-voor-brouwgraan-van-magie-creations\/","name":"De Bakkers Combinatie kiest brouwgraan MaGie Creations","isPartOf":{"@id":"https:\/\/magiecreations.com\/nl\/#website"},"primaryImageOfPage":{"@id":"https:\/\/magiecreations.com\/nl\/inspiratie\/de-bakkers-combinatie-zet-in-op-groen-door-te-kiezen-voor-brouwgraan-van-magie-creations\/#primaryimage"},"image":{"@id":"https:\/\/magiecreations.com\/nl\/inspiratie\/de-bakkers-combinatie-zet-in-op-groen-door-te-kiezen-voor-brouwgraan-van-magie-creations\/#primaryimage"},"thumbnailUrl":"https:\/\/magiecreations.com\/wp-content\/uploads\/2025\/01\/FotoMX-3-Aangepast.jpg","datePublished":"2025-01-08T08:00:23+00:00","dateModified":"2025-01-08T09:41:28+00:00","description":"De Bakkers Combinatie zet de trend op Horecava 2025 met haar nieuwe assortiment van producten gemaakt met brouwgraan van MaGie Creations. Hiermee biedt De Bakkers Combinatie cateraars en foodservice partijen een smakelijke manier om in \u00e9\u00e9n klap te scoren op duurzaamheid \u00e9n gezondheid. Het hebben van een positieve impact op het welzijn van de gasten en de planeet is een breed gekoesterde wens onder maaltijdverzorgers.","breadcrumb":{"@id":"https:\/\/magiecreations.com\/nl\/inspiratie\/de-bakkers-combinatie-zet-in-op-groen-door-te-kiezen-voor-brouwgraan-van-magie-creations\/#breadcrumb"},"inLanguage":"nl-NL","potentialAction":[{"@type":"ReadAction","target":["https:\/\/magiecreations.com\/nl\/inspiratie\/de-bakkers-combinatie-zet-in-op-groen-door-te-kiezen-voor-brouwgraan-van-magie-creations\/"]}]},{"@type":"ImageObject","inLanguage":"nl-NL","@id":"https:\/\/magiecreations.com\/nl\/inspiratie\/de-bakkers-combinatie-zet-in-op-groen-door-te-kiezen-voor-brouwgraan-van-magie-creations\/#primaryimage","url":"https:\/\/magiecreations.com\/wp-content\/uploads\/2025\/01\/FotoMX-3-Aangepast.jpg","contentUrl":"https:\/\/magiecreations.com\/wp-content\/uploads\/2025\/01\/FotoMX-3-Aangepast.jpg","width":500,"height":500},{"@type":"BreadcrumbList","@id":"https:\/\/magiecreations.com\/nl\/inspiratie\/de-bakkers-combinatie-zet-in-op-groen-door-te-kiezen-voor-brouwgraan-van-magie-creations\/#breadcrumb","itemListElement":[{"@type":"ListItem","position":1,"name":"Home","item":"https:\/\/magiecreations.com\/nl\/magie-creations\/"},{"@type":"ListItem","position":2,"name":"Inspiratie","item":"https:\/\/magiecreations.com\/nl\/inspiratie\/"},{"@type":"ListItem","position":3,"name":"De Bakkers Combinatie zet in op groen door te kiezen voor brouwgraan van MaGie Creations"}]},{"@type":"WebSite","@id":"https:\/\/magiecreations.com\/nl\/#website","url":"https:\/\/magiecreations.com\/nl\/","name":"MaGie Creations","description":"","publisher":{"@id":"https:\/\/magiecreations.com\/nl\/#organization"},"potentialAction":[{"@type":"SearchAction","target":{"@type":"EntryPoint","urlTemplate":"https:\/\/magiecreations.com\/nl\/?s={search_term_string}"},"query-input":{"@type":"PropertyValueSpecification","valueRequired":true,"valueName":"search_term_string"}}],"inLanguage":"nl-NL"},{"@type":"Organization","@id":"https:\/\/magiecreations.com\/nl\/#organization","name":"MaGie Creations","url":"https:\/\/magiecreations.com\/nl\/","logo":{"@type":"ImageObject","inLanguage":"nl-NL","@id":"https:\/\/magiecreations.com\/nl\/#\/schema\/logo\/image\/","url":"https:\/\/magiecreations.com\/wp-content\/uploads\/2023\/01\/Logo_Home.png","contentUrl":"https:\/\/magiecreations.com\/wp-content\/uploads\/2023\/01\/Logo_Home.png","width":872,"height":873,"caption":"MaGie Creations"},"image":{"@id":"https:\/\/magiecreations.com\/nl\/#\/schema\/logo\/image\/"},"sameAs":["https:\/\/nl.linkedin.com\/company\/magie-creations"]}]}},"_links":{"self":[{"href":"https:\/\/magiecreations.com\/nl\/wp-json\/wp\/v2\/pages\/1666","targetHints":{"allow":["GET"]}}],"collection":[{"href":"https:\/\/magiecreations.com\/nl\/wp-json\/wp\/v2\/pages"}],"about":[{"href":"https:\/\/magiecreations.com\/nl\/wp-json\/wp\/v2\/types\/page"}],"author":[{"embeddable":true,"href":"https:\/\/magiecreations.com\/nl\/wp-json\/wp\/v2\/users\/4"}],"replies":[{"embeddable":true,"href":"https:\/\/magiecreations.com\/nl\/wp-json\/wp\/v2\/comments?post=1666"}],"version-history":[{"count":59,"href":"https:\/\/magiecreations.com\/nl\/wp-json\/wp\/v2\/pages\/1666\/revisions"}],"predecessor-version":[{"id":1992,"href":"https:\/\/magiecreations.com\/nl\/wp-json\/wp\/v2\/pages\/1666\/revisions\/1992"}],"up":[{"embeddable":true,"href":"https:\/\/magiecreations.com\/nl\/wp-json\/wp\/v2\/pages\/1693"}],"wp:featuredmedia":[{"embeddable":true,"href":"https:\/\/magiecreations.com\/nl\/wp-json\/wp\/v2\/media\/1918"}],"wp:attachment":[{"href":"https:\/\/magiecreations.com\/nl\/wp-json\/wp\/v2\/media?parent=1666"}],"curies":[{"name":"wp","href":"https:\/\/api.w.org\/{rel}","templated":true}]}}